{"id":15800,"date":"2022-01-12T10:32:29","date_gmt":"2022-01-12T09:32:29","guid":{"rendered":"https:\/\/urvistahermosa.com\/en\/?page_id=15800"},"modified":"2022-02-02T12:22:01","modified_gmt":"2022-02-02T11:22:01","slug":"welcome-a-new-member-in-your-family","status":"publish","type":"page","link":"https:\/\/urvistahermosa.com\/en\/welcome-a-new-member-in-your-family\/","title":{"rendered":"Welcome a new member in your family"},"content":{"rendered":"\n\n\t\n\t<section class=\"contenido uk-flex-wrap uk-flex-between uk-flex-row-reverse\">\n\n\t\n\t<figure class=\"uk-cover-container\">\n\t\t<img decoding=\"async\" src=\"https:\/\/urvistahermosa.com\/en\/wp-content\/uploads\/2019\/09\/sept.jpg\" alt=\"\" uk-cover>\n\t<\/figure>\n\t\n\t<article uk-scrollspy=\"target: .elemento; cls: uk-animation-fade; delay: 250;\">\n\t\t<h2 class=\"elemento\">UR Vistahermosa,<br\/>Fertility Clinic in Spain.  <\/h2>\n\t\t<div class=\"elemento\"><p>We offer the most advanced assisted reproduction treatments in Spain: <\/p>\n<p>\u2022 IVF &#8211; In Vitro Fertilisation<\/p>\n<p>\u2022 Egg donation<\/p>\n<p>\u2022 ROPA method<\/p>\n<p>\u2022 Artificial insemination (IUI)<\/p>\n<p>\u2022 Guarantee Programmes or refunding<\/p>\n<p><strong>90% treatment effectiveness. With our years of experience, the quality of our team, and our state of the art technology, we can offer you an unrivalled experience and excellent results.<\/strong><\/p>\n<\/div>\n\t\t\n\t\t\t<\/article>\n<\/section>\n\n\n\n\n<section class=\"viaje uk-flex uk-flex-wrap uk-flex-between\">\n\t\n\t<article>\n\t\t<h2>We Can Help You Organize Your Trip<\/h2>\n\t\t<p>Our greatest wish is for you to feel comfortable, well taken care of and, on this wonderful path that you have decided to take, we will be there to support you along the way. We will therefore coordinate all the activities involved, from the very start of the process. First of all, we don\u2019t want you to worry about distances or getting around, as this will not be a problem.<\/p>\n\t<\/article>\n\t\n\t\n\t\t\t<ul uk-scrollspy=\"target: .elemento; cls: uk-animation-fade; delay: 250;\">\n\t\t\t\t\t<li class=\"elemento\">\n\t\t\t\t\t<img decoding=\"async\" src=\"https:\/\/urvistahermosa.com\/en\/wp-content\/uploads\/2022\/01\/viaje01.png\"\/>\n\t\t\t\t\t\n\t\t\t\t\t<p>We will take care of everything, from the time you land in Alicante until the end of your treatment.<\/p>\n\t\t\t<\/li>\t\t\t\n\t\t\t\t\t<li class=\"elemento\">\n\t\t\t\t\t<img decoding=\"async\" src=\"https:\/\/urvistahermosa.com\/en\/wp-content\/uploads\/2022\/01\/viaje02.png\"\/>\n\t\t\t\t\t\n\t\t\t\t\t<p>If you need to book a hotel, our staff can coordinate your accommodation.<\/p>\n\t\t\t<\/li>\t\t\t\n\t\t\t\t\t<li class=\"elemento\">\n\t\t\t\t\t<img decoding=\"async\" src=\"https:\/\/urvistahermosa.com\/en\/wp-content\/uploads\/2022\/01\/viaje03.png\"\/>\n\t\t\t\t\t\n\t\t\t\t\t<p>Once you land in Alicante, we will pick you up at the airport and drive you to your hotel.<\/p>\n\t\t\t<\/li>\t\t\t\n\t\t\t\t\t<li class=\"elemento\">\n\t\t\t\t\t<img decoding=\"async\" src=\"https:\/\/urvistahermosa.com\/en\/wp-content\/uploads\/2022\/01\/viaje04.png\"\/>\n\t\t\t\t\t\n\t\t\t\t\t<p>We will transfer you to the Assisted Reproduction Unit, according to your consultation schedule.<\/p>\n\t\t\t<\/li>\t\t\t\n\t\t\t\t<\/ul>\n\t\n<\/section>\n\n\n\n\n<section class=\"razones\">\n\t<h2>6 Best Reasons to Choose<br\/>UR Vistahermosa Treatments<\/h2>\n\t\t\t<ul uk-scrollspy=\"target: .elemento; cls: uk-animation-fade; delay: 250;\">\n\t\t\t\n\t\t\t\t\t\t\t<li class=\"elemento\">\n\t\t\t\t\t<strong>1.<\/strong>\n\t\t\t\t\t<p>90% treatment effectiveness. Our experience and the quality of our team and our technology means you can expect the most advanced processes and results.<\/p>\n\t\t\t\t<\/li>\n\t\t\t\t\t\n\t\t\t\t\t\t\t<li class=\"elemento\">\n\t\t\t\t\t<strong>2.<\/strong>\n\t\t\t\t\t<p>In our clinic, we engage in a multidisciplinary approach, incorporating health professionals and the areas of andrology, embryology, urology, nutrition and psychology.<\/p>\n\t\t\t\t<\/li>\n\t\t\t\t\t\n\t\t\t\t\t\t\t<li class=\"elemento\">\n\t\t\t\t\t<strong>3.<\/strong>\n\t\t\t\t\t<p>The certification of the Reproduction Unit as a specialized centre in Reproductive Medicine, accredited by the Ministry of Health, guarantees compliance with national norms with regards to patient care, as well as the quality control of the different processes, professionals and teams at UR Vistahermosa.<\/p>\n\t\t\t\t<\/li>\n\t\t\t\t\t\n\t\t\t\t\t\t\t<li class=\"elemento\">\n\t\t\t\t\t<strong>4.<\/strong>\n\t\t\t\t\t<p>The excellent facilities at UR guarantee comprehensive, personalized, private medical care, respecting the privacy and confidentiality of couples.<\/p>\n\t\t\t\t<\/li>\n\t\t\t\t\t\n\t\t\t\t\t\t\t<li class=\"elemento\">\n\t\t\t\t\t<strong>5.<\/strong>\n\t\t\t\t\t<p>Our personnel have received professional international training, resulting in the application of cutting-edge diagnostic tools and treatments.<\/p>\n\t\t\t\t<\/li>\n\t\t\t\t\t\n\t\t\t\t\t\t\t<li class=\"elemento\">\n\t\t\t\t\t<strong>6.<\/strong>\n\t\t\t\t\t<p>Our essence is international and we are highly experienced in dealing with patients from abroad.<\/p>\n\t\t\t\t<\/li>\n\t\t\t\t\t\n\t\t\t\t\t<\/ul>\n\t\n<\/section>\n\n\n<section class=\"tratamientos uk-flex uk-flex-wrap uk-flex-between uk-background-fixed uk-background-blend-multiply uk-background-cover uk-background-center-center\" style=\"background-image:url('https:\/\/urvistahermosa.com\/en\/wp-content\/uploads\/2022\/01\/ur-managua-treatments.jpg');\">\n\t\n\t<article>\n\t\t<h2>Let us Help you Achieve your Pregnancy<\/h2>\n\t\t<p>We offer the best assisted reproduction treatments in Spain<\/p>\n\t<\/article>\n\t\n\t\n\t\t\t<ul uk-scrollspy=\"target: .elemento; cls: uk-animation-fade; delay: 250;\">\n\t\t\t\t\t<li class=\"elemento\">\n\t\t\t\t<img decoding=\"async\" src=\"https:\/\/urvistahermosa.com\/en\/wp-content\/uploads\/2022\/01\/IVF.png\"\/>\n\t\t\t\t<h3>IVF IN SPAIN IN VITRO FERTILISATION IN SPAIN<\/h3>\n\t\t\t<\/li>\t\t\t\n\t\t\t\t\t<li class=\"elemento\">\n\t\t\t\t<img decoding=\"async\" src=\"https:\/\/urvistahermosa.com\/en\/wp-content\/uploads\/2022\/01\/ovodonacion.png\"\/>\n\t\t\t\t<h3>EGG DONATION IN SPAIN<\/h3>\n\t\t\t<\/li>\t\t\t\n\t\t\t\t\t<li class=\"elemento\">\n\t\t\t\t<img decoding=\"async\" src=\"https:\/\/urvistahermosa.com\/en\/wp-content\/uploads\/2022\/01\/ROPA.png\"\/>\n\t\t\t\t<h3>ROPA METHOD<\/h3>\n\t\t\t<\/li>\t\t\t\n\t\t\t\t\t<li class=\"elemento\">\n\t\t\t\t<img decoding=\"async\" src=\"https:\/\/urvistahermosa.com\/en\/wp-content\/uploads\/2022\/01\/inseminacion-artificial.png\"\/>\n\t\t\t\t<h3>ARTIFICIAL INSEMINATION<\/h3>\n\t\t\t<\/li>\t\t\t\n\t\t\t\t\t<li class=\"elemento\">\n\t\t\t\t<img decoding=\"async\" src=\"https:\/\/urvistahermosa.com\/en\/wp-content\/uploads\/2022\/01\/programa-garantia.png\"\/>\n\t\t\t\t<h3>GUARANTEE PROGRAMMES OR REFUNDING<\/h3>\n\t\t\t<\/li>\t\t\t\n\t\t\t\t<\/ul>\n\t\n<\/section>\n\n\n\n\n\t<section class=\"contenido uk-flex-wrap uk-flex-between\">\n\t\n\t\n\t<figure class=\"uk-cover-container\">\n\t\t<img decoding=\"async\" src=\"https:\/\/urvistahermosa.com\/en\/wp-content\/uploads\/2022\/01\/landing01.jpg\" alt=\"\" uk-cover>\n\t<\/figure>\n\t\n\t<article uk-scrollspy=\"target: .elemento; cls: uk-animation-fade; delay: 250;\">\n\t\t<h2 class=\"elemento\">Genetics Unit<\/h2>\n\t\t<div class=\"elemento\"><\/div>\n\t\t\n\t\t\t\t\t<ul>\n\t\t\t\t\t\t\t\t\t<li class=\"elemento\"><img decoding=\"async\" src=\"https:\/\/urvistahermosa.com\/en\/wp-content\/uploads\/2022\/01\/icono01.png\"> <span> If you have problems getting pregnant or for some reason you are unable to become pregnant successfully.<\/span><\/li>\n\t\t\t\t\t\t\t\t\t<li class=\"elemento\"><img decoding=\"async\" src=\"https:\/\/urvistahermosa.com\/en\/wp-content\/uploads\/2022\/01\/icono02.png\"> <span>We are also specialists in masculinity treatments.<\/span><\/li>\n\t\t\t\t\t\t\t\t\t<li class=\"elemento\"><img decoding=\"async\" src=\"https:\/\/urvistahermosa.com\/en\/wp-content\/uploads\/2022\/01\/icono03.png\"> <span>We can help you preserve your fertility so you can decide the exact moment you would like to be a mother. In 90% of cases, UR Vistahermosa has found the solution to help women realize their dream of becoming a mother.<\/span><\/li>\n\t\t\t\t\t\t\t<\/ul>\n\t\t\t<\/article>\n<\/section>\n\n\n\n\t\n\t<section class=\"contenido uk-flex-wrap uk-flex-between uk-flex-row-reverse\">\n\n\t\n\t<figure class=\"uk-cover-container\">\n\t\t<img decoding=\"async\" src=\"https:\/\/urvistahermosa.com\/en\/wp-content\/uploads\/2022\/01\/landing02.jpg\" alt=\"\" uk-cover>\n\t<\/figure>\n\t\n\t<article uk-scrollspy=\"target: .elemento; cls: uk-animation-fade; delay: 250;\">\n\t\t<h2 class=\"elemento\">UR Vistahermosa,<br\/>More than 35 years Nurturing Life<\/h2>\n\t\t<div class=\"elemento\"><p>It belongs to the Assisted Reproduction Group UR, one of the best reproductive centres in Spain, offering personalized international service in the best hospital facilities in the city of Alicante.<\/p>\n<\/div>\n\t\t\n\t\t\t<\/article>\n<\/section>\n\n\n\n\n<section class=\"cuadricula uk-flex-wrap uk-flex-between\">\n\t\n\t\n\t\n\t\t\t<div uk-lightbox=\"animation: slide\" uk-scrollspy=\"target: .cuadricula-img; cls: uk-animation-fade; delay: 250;\">\n\t\t\t\t\t<div class=\"cuadricula-img\">\n\t\t        <a class=\"uk-inline\" href=\"https:\/\/urvistahermosa.com\/en\/wp-content\/uploads\/2022\/01\/galeria01.jpg\">\n\t\t        \t<img decoding=\"async\" src=\"https:\/\/urvistahermosa.com\/en\/wp-content\/uploads\/2022\/01\/galeria01.jpg\" alt=\"\">\n\t\t            <!--<img decoding=\"async\" src=\"Array\" alt=\"\">-->\n\t\t        <\/a>\n\t\t    <\/div>\t\t\n\t\t\t\t\t<div class=\"cuadricula-img\">\n\t\t        <a class=\"uk-inline\" href=\"https:\/\/urvistahermosa.com\/en\/wp-content\/uploads\/2022\/01\/galeria02.jpg\">\n\t\t        \t<img decoding=\"async\" src=\"https:\/\/urvistahermosa.com\/en\/wp-content\/uploads\/2022\/01\/galeria02.jpg\" alt=\"\">\n\t\t            <!--<img decoding=\"async\" src=\"Array\" alt=\"\">-->\n\t\t        <\/a>\n\t\t    <\/div>\t\t\n\t\t\t\t\t<div class=\"cuadricula-img\">\n\t\t        <a class=\"uk-inline\" href=\"https:\/\/urvistahermosa.com\/en\/wp-content\/uploads\/2022\/01\/galeria03.jpg\">\n\t\t        \t<img decoding=\"async\" src=\"https:\/\/urvistahermosa.com\/en\/wp-content\/uploads\/2022\/01\/galeria03.jpg\" alt=\"\">\n\t\t            <!--<img decoding=\"async\" src=\"Array\" alt=\"\">-->\n\t\t        <\/a>\n\t\t    <\/div>\t\t\n\t\t\t\t\t<div class=\"cuadricula-img\">\n\t\t        <a class=\"uk-inline\" href=\"https:\/\/urvistahermosa.com\/en\/wp-content\/uploads\/2022\/01\/galeria04.jpg\">\n\t\t        \t<img decoding=\"async\" src=\"https:\/\/urvistahermosa.com\/en\/wp-content\/uploads\/2022\/01\/galeria04.jpg\" alt=\"\">\n\t\t            <!--<img decoding=\"async\" src=\"Array\" alt=\"\">-->\n\t\t        <\/a>\n\t\t    <\/div>\t\t\n\t\t\t\t\t<div class=\"cuadricula-img\">\n\t\t        <a class=\"uk-inline\" href=\"https:\/\/urvistahermosa.com\/en\/wp-content\/uploads\/2022\/01\/galeria05.jpg\">\n\t\t        \t<img decoding=\"async\" src=\"https:\/\/urvistahermosa.com\/en\/wp-content\/uploads\/2022\/01\/galeria05.jpg\" alt=\"\">\n\t\t            <!--<img decoding=\"async\" src=\"Array\" alt=\"\">-->\n\t\t        <\/a>\n\t\t    <\/div>\t\t\n\t\t\t\t\t<div class=\"cuadricula-img\">\n\t\t        <a class=\"uk-inline\" href=\"https:\/\/urvistahermosa.com\/en\/wp-content\/uploads\/2022\/01\/galeria06.jpg\">\n\t\t        \t<img decoding=\"async\" src=\"https:\/\/urvistahermosa.com\/en\/wp-content\/uploads\/2022\/01\/galeria06.jpg\" alt=\"\">\n\t\t            <!--<img decoding=\"async\" src=\"Array\" alt=\"\">-->\n\t\t        <\/a>\n\t\t    <\/div>\t\t\n\t\t\t\t<\/div>\n\t\n<\/section>\n\n\n<figure class=\"wp-block-embed is-type-video is-provider-youtube wp-block-embed-youtube wp-embed-aspect-16-9 wp-has-aspect-ratio\"><div class=\"wp-block-embed__wrapper\">\n<iframe loading=\"lazy\" title=\"Unidad Reproducci\u00f3n Vistahermosa - nuevas instalaciones dic 2020\" width=\"640\" height=\"360\" src=\"https:\/\/www.youtube.com\/embed\/g3AWbZJTP2E?feature=oembed\" frameborder=\"0\" allow=\"accelerometer; autoplay; clipboard-write; encrypted-media; gyroscope; picture-in-picture; web-share\" referrerpolicy=\"strict-origin-when-cross-origin\" allowfullscreen><\/iframe>\n<\/div><\/figure>\n\n\n\n\n\t\n\t<section class=\"contacto uk-flex-wrap uk-flex-between uk-flex-row-reverse\">\n\n\t\n\t<article class=\"uk-cover-container\">\n\t\t<img decoding=\"async\" src=\"https:\/\/urvistahermosa.com\/en\/wp-content\/uploads\/2022\/01\/ur-managua.jpg\" alt=\"\" uk-cover>\n\t\t\n\t\t\n<div class=\"wpcf7 no-js\" id=\"wpcf7-f15866-o1\" lang=\"es-ES\" dir=\"ltr\" data-wpcf7-id=\"15866\">\n<div class=\"screen-reader-response\"><p role=\"status\" aria-live=\"polite\" aria-atomic=\"true\"><\/p> <ul><\/ul><\/div>\n<form action=\"\/en\/wp-json\/wp\/v2\/pages\/15800#wpcf7-f15866-o1\" method=\"post\" class=\"wpcf7-form init\" aria-label=\"Formulario de contacto\" novalidate=\"novalidate\" data-status=\"init\">\n<fieldset class=\"hidden-fields-container\"><input type=\"hidden\" name=\"_wpcf7\" value=\"15866\" \/><input type=\"hidden\" name=\"_wpcf7_version\" value=\"6.1.5\" \/><input type=\"hidden\" name=\"_wpcf7_locale\" value=\"es_ES\" \/><input type=\"hidden\" name=\"_wpcf7_unit_tag\" value=\"wpcf7-f15866-o1\" \/><input type=\"hidden\" name=\"_wpcf7_container_post\" value=\"0\" \/><input type=\"hidden\" name=\"_wpcf7_posted_data_hash\" value=\"\" \/>\n<\/fieldset>\n<p><img decoding=\"async\" src=\"https:\/\/urvistahermosa.com\/wp-content\/themes\/ur2018\/img\/vistahermosa-UK-blanco.png\" class=\"uk-scrollspy-inview uk-animation-fade\" \/>\n<\/p>\n<h3>Get in contact with us\n<\/h3>\n<p class=\"mitad\"><span class=\"wpcf7-form-control-wrap\" data-name=\"contacto-nombre\"><input size=\"40\" maxlength=\"400\" class=\"wpcf7-form-control wpcf7-text wpcf7-validates-as-required form-control\" aria-required=\"true\" aria-invalid=\"false\" placeholder=\"Name and surname *\" value=\"\" type=\"text\" name=\"contacto-nombre\" \/><\/span>\n<\/p>\n<p class=\"mitad\"><span class=\"wpcf7-form-control-wrap\" data-name=\"contacto-email\"><input size=\"40\" maxlength=\"400\" class=\"wpcf7-form-control wpcf7-email wpcf7-validates-as-required wpcf7-text wpcf7-validates-as-email form-control\" aria-required=\"true\" aria-invalid=\"false\" placeholder=\"Email *\" value=\"\" type=\"email\" name=\"contacto-email\" \/><\/span>\n<\/p>\n<p><span class=\"wpcf7-form-control-wrap\" data-name=\"contacto-telefono\"><input size=\"40\" maxlength=\"400\" class=\"wpcf7-form-control wpcf7-tel wpcf7-text wpcf7-validates-as-tel form-control\" aria-invalid=\"false\" placeholder=\"Leave us your number and we will call you back\" value=\"\" type=\"tel\" name=\"contacto-telefono\" \/><\/span>\n<\/p>\n<p><span class=\"wpcf7-form-control-wrap\" data-name=\"horario-telefono\"><input size=\"40\" maxlength=\"400\" class=\"wpcf7-form-control wpcf7-text form-control\" aria-invalid=\"false\" placeholder=\"When would you like us to call you?\" value=\"\" type=\"text\" name=\"horario-telefono\" \/><\/span>\n<\/p>\n<p><span class=\"wpcf7-form-control-wrap\" data-name=\"contacto-mensaje\"><textarea cols=\"40\" rows=\"10\" maxlength=\"2000\" class=\"wpcf7-form-control wpcf7-textarea wpcf7-validates-as-required form-control\" aria-required=\"true\" aria-invalid=\"false\" placeholder=\"Comments *\" name=\"contacto-mensaje\"><\/textarea><\/span>\n<\/p>\n<p><span class=\"wpcf7-form-control-wrap\" data-name=\"checkbox-avisolegal\"><span class=\"wpcf7-form-control wpcf7-acceptance\"><span class=\"wpcf7-list-item\"><label><input type=\"checkbox\" name=\"checkbox-avisolegal\" value=\"1\" aria-invalid=\"false\" \/><span class=\"wpcf7-list-item-label\">I accept the <a href=\"https:\/\/urvistahermosa.com\/en\/data-protection-policy\/\" target=\"blank\" style=\"color:#fff;text-decoration:underline;\">Personal Data Protection Policy<\/a><\/span><\/label><\/span><\/span><\/span>\n<\/p>\n<p><span class=\"wpcf7-form-control-wrap\" data-name=\"acceptance-859\"><span class=\"wpcf7-form-control wpcf7-acceptance optional\"><span class=\"wpcf7-list-item\"><label><input type=\"checkbox\" name=\"acceptance-859\" value=\"1\" aria-invalid=\"false\" \/><span class=\"wpcf7-list-item-label\">I agree to receive communications from Grupo UR<\/span><\/label><\/span><\/span><\/span>\n<\/p>\n<p class=\"required\"><small>* required field<\/small>\n<\/p>\n<p><span id=\"wpcf7-69d60e03404af-wrapper\" class=\"wpcf7-form-control-wrap honeypot-349-wrap\" style=\"display:none !important; visibility:hidden !important;\"><label for=\"wpcf7-69d60e03404af-field\" class=\"hp-message\">Por favor, deja este campo vac\u00edo.<\/label><input id=\"wpcf7-69d60e03404af-field\"  class=\"wpcf7-form-control wpcf7-text\" type=\"text\" name=\"honeypot-349\" value=\"\" size=\"40\" tabindex=\"-1\" autocomplete=\"new-password\" \/><\/span>\n<\/p>\n<p><input class=\"wpcf7-form-control wpcf7-submit has-spinner form-control btn btn-enviar\" type=\"submit\" value=\"Submit\" \/>\n<\/p><p style=\"display: none !important;\" class=\"akismet-fields-container\" data-prefix=\"_wpcf7_ak_\"><label>&#916;<textarea name=\"_wpcf7_ak_hp_textarea\" cols=\"45\" rows=\"8\" maxlength=\"100\"><\/textarea><\/label><input type=\"hidden\" id=\"ak_js_1\" name=\"_wpcf7_ak_js\" value=\"14\"\/><script>document.getElementById( \"ak_js_1\" ).setAttribute( \"value\", ( new Date() ).getTime() );<\/script><\/p><div class=\"wpcf7-response-output\" aria-hidden=\"true\"><\/div>\n<\/form>\n<\/div>\n\t<\/article>\n\t\n\t<article class=\"uk-flex uk-flex-middle\">\n\t\t\n\t\t<div uk-scrollspy=\".elemento; cls: uk-animation-fade; delay: 250;\">\n\t\t\t<h2 class=\"elemento\">Contact us<\/h2>\n\t\t\t<div class=\"elemento\"><p>At UR Vistahermosa, we provide the option to have an initial free evaluation with our Assisted Reproduction specialists, led by Doctor Jos\u00e9 Jes\u00fas L\u00f3pez G\u00e1lvez.<\/p>\n<p>You can contact us via Email <a href=\"mailto:internacional@urvistahermosa.com\">internacional@urvistahermosa.com<\/a> or by telephone <a onclick=\"return gtag_report_conversion('tel:+34 672 272 961');\" href=\"tel:+34672272961\">+34 672 272 961<\/a> (we also have WhatsApp) and we will call back without any obligation.<\/p>\n<\/div>\n\t\t<\/div>\n\t<\/article>\n<\/section>","protected":false},"excerpt":{"rendered":"","protected":false},"author":1,"featured_media":15862,"parent":0,"menu_order":0,"comment_status":"closed","ping_status":"closed","template":"page-templates\/landing.php","meta":{"footnotes":""},"class_list":["post-15800","page","type-page","status-publish","has-post-thumbnail","hentry"],"acf":[],"yoast_head":"<!-- This site is optimized with the Yoast SEO plugin v27.3 - https:\/\/yoast.com\/product\/yoast-seo-wordpress\/ -->\n<title>Welcome a new member in your family - UR Vistahermosa EN<\/title>\n<meta name=\"robots\" content=\"index, follow, max-snippet:-1, max-image-preview:large, max-video-preview:-1\" \/>\n<link rel=\"canonical\" href=\"https:\/\/urvistahermosa.com\/en\/welcome-a-new-member-in-your-family\/\" \/>\n<meta property=\"og:locale\" content=\"en_GB\" \/>\n<meta property=\"og:type\" content=\"article\" \/>\n<meta property=\"og:title\" content=\"Welcome a new member in your family - UR Vistahermosa EN\" \/>\n<meta property=\"og:url\" content=\"https:\/\/urvistahermosa.com\/en\/welcome-a-new-member-in-your-family\/\" \/>\n<meta property=\"og:site_name\" content=\"UR Vistahermosa EN\" \/>\n<meta property=\"article:modified_time\" content=\"2022-02-02T11:22:01+00:00\" \/>\n<meta property=\"og:image\" content=\"https:\/\/urvistahermosa.com\/en\/wp-content\/uploads\/2022\/01\/cabecera.jpg\" \/>\n\t<meta property=\"og:image:width\" content=\"1920\" \/>\n\t<meta property=\"og:image:height\" content=\"1080\" \/>\n\t<meta property=\"og:image:type\" content=\"image\/jpeg\" \/>\n<meta name=\"twitter:card\" content=\"summary_large_image\" \/>\n<meta name=\"twitter:label1\" content=\"Estimated reading time\" \/>\n\t<meta name=\"twitter:data1\" content=\"1 minute\" \/>\n<script type=\"application\/ld+json\" class=\"yoast-schema-graph\">{\"@context\":\"https:\\\/\\\/schema.org\",\"@graph\":[{\"@type\":\"WebPage\",\"@id\":\"https:\\\/\\\/urvistahermosa.com\\\/en\\\/welcome-a-new-member-in-your-family\\\/\",\"url\":\"https:\\\/\\\/urvistahermosa.com\\\/en\\\/welcome-a-new-member-in-your-family\\\/\",\"name\":\"Welcome a new member in your family - UR Vistahermosa EN\",\"isPartOf\":{\"@id\":\"https:\\\/\\\/urvistahermosa.com\\\/en\\\/#website\"},\"primaryImageOfPage\":{\"@id\":\"https:\\\/\\\/urvistahermosa.com\\\/en\\\/welcome-a-new-member-in-your-family\\\/#primaryimage\"},\"image\":{\"@id\":\"https:\\\/\\\/urvistahermosa.com\\\/en\\\/welcome-a-new-member-in-your-family\\\/#primaryimage\"},\"thumbnailUrl\":\"https:\\\/\\\/urvistahermosa.com\\\/en\\\/wp-content\\\/uploads\\\/2022\\\/01\\\/cabecera.jpg\",\"datePublished\":\"2022-01-12T09:32:29+00:00\",\"dateModified\":\"2022-02-02T11:22:01+00:00\",\"breadcrumb\":{\"@id\":\"https:\\\/\\\/urvistahermosa.com\\\/en\\\/welcome-a-new-member-in-your-family\\\/#breadcrumb\"},\"inLanguage\":\"en-GB\",\"potentialAction\":[{\"@type\":\"ReadAction\",\"target\":[\"https:\\\/\\\/urvistahermosa.com\\\/en\\\/welcome-a-new-member-in-your-family\\\/\"]}]},{\"@type\":\"ImageObject\",\"inLanguage\":\"en-GB\",\"@id\":\"https:\\\/\\\/urvistahermosa.com\\\/en\\\/welcome-a-new-member-in-your-family\\\/#primaryimage\",\"url\":\"https:\\\/\\\/urvistahermosa.com\\\/en\\\/wp-content\\\/uploads\\\/2022\\\/01\\\/cabecera.jpg\",\"contentUrl\":\"https:\\\/\\\/urvistahermosa.com\\\/en\\\/wp-content\\\/uploads\\\/2022\\\/01\\\/cabecera.jpg\",\"width\":1920,\"height\":1080},{\"@type\":\"BreadcrumbList\",\"@id\":\"https:\\\/\\\/urvistahermosa.com\\\/en\\\/welcome-a-new-member-in-your-family\\\/#breadcrumb\",\"itemListElement\":[{\"@type\":\"ListItem\",\"position\":1,\"name\":\"Portada\",\"item\":\"https:\\\/\\\/urvistahermosa.com\\\/en\\\/\"},{\"@type\":\"ListItem\",\"position\":2,\"name\":\"Welcome a new member in your family\"}]},{\"@type\":\"WebSite\",\"@id\":\"https:\\\/\\\/urvistahermosa.com\\\/en\\\/#website\",\"url\":\"https:\\\/\\\/urvistahermosa.com\\\/en\\\/\",\"name\":\"UR Vistahermosa EN\",\"description\":\"Otro sitio m\u00e1s de UR Vistahermosa sitios\",\"potentialAction\":[{\"@type\":\"SearchAction\",\"target\":{\"@type\":\"EntryPoint\",\"urlTemplate\":\"https:\\\/\\\/urvistahermosa.com\\\/en\\\/?s={search_term_string}\"},\"query-input\":{\"@type\":\"PropertyValueSpecification\",\"valueRequired\":true,\"valueName\":\"search_term_string\"}}],\"inLanguage\":\"en-GB\"}]}<\/script>\n<!-- \/ Yoast SEO plugin. -->","yoast_head_json":{"title":"Welcome a new member in your family - UR Vistahermosa EN","robots":{"index":"index","follow":"follow","max-snippet":"max-snippet:-1","max-image-preview":"max-image-preview:large","max-video-preview":"max-video-preview:-1"},"canonical":"https:\/\/urvistahermosa.com\/en\/welcome-a-new-member-in-your-family\/","og_locale":"en_GB","og_type":"article","og_title":"Welcome a new member in your family - UR Vistahermosa EN","og_url":"https:\/\/urvistahermosa.com\/en\/welcome-a-new-member-in-your-family\/","og_site_name":"UR Vistahermosa EN","article_modified_time":"2022-02-02T11:22:01+00:00","og_image":[{"width":1920,"height":1080,"url":"https:\/\/urvistahermosa.com\/en\/wp-content\/uploads\/2022\/01\/cabecera.jpg","type":"image\/jpeg"}],"twitter_card":"summary_large_image","twitter_misc":{"Estimated reading time":"1 minute"},"schema":{"@context":"https:\/\/schema.org","@graph":[{"@type":"WebPage","@id":"https:\/\/urvistahermosa.com\/en\/welcome-a-new-member-in-your-family\/","url":"https:\/\/urvistahermosa.com\/en\/welcome-a-new-member-in-your-family\/","name":"Welcome a new member in your family - UR Vistahermosa EN","isPartOf":{"@id":"https:\/\/urvistahermosa.com\/en\/#website"},"primaryImageOfPage":{"@id":"https:\/\/urvistahermosa.com\/en\/welcome-a-new-member-in-your-family\/#primaryimage"},"image":{"@id":"https:\/\/urvistahermosa.com\/en\/welcome-a-new-member-in-your-family\/#primaryimage"},"thumbnailUrl":"https:\/\/urvistahermosa.com\/en\/wp-content\/uploads\/2022\/01\/cabecera.jpg","datePublished":"2022-01-12T09:32:29+00:00","dateModified":"2022-02-02T11:22:01+00:00","breadcrumb":{"@id":"https:\/\/urvistahermosa.com\/en\/welcome-a-new-member-in-your-family\/#breadcrumb"},"inLanguage":"en-GB","potentialAction":[{"@type":"ReadAction","target":["https:\/\/urvistahermosa.com\/en\/welcome-a-new-member-in-your-family\/"]}]},{"@type":"ImageObject","inLanguage":"en-GB","@id":"https:\/\/urvistahermosa.com\/en\/welcome-a-new-member-in-your-family\/#primaryimage","url":"https:\/\/urvistahermosa.com\/en\/wp-content\/uploads\/2022\/01\/cabecera.jpg","contentUrl":"https:\/\/urvistahermosa.com\/en\/wp-content\/uploads\/2022\/01\/cabecera.jpg","width":1920,"height":1080},{"@type":"BreadcrumbList","@id":"https:\/\/urvistahermosa.com\/en\/welcome-a-new-member-in-your-family\/#breadcrumb","itemListElement":[{"@type":"ListItem","position":1,"name":"Portada","item":"https:\/\/urvistahermosa.com\/en\/"},{"@type":"ListItem","position":2,"name":"Welcome a new member in your family"}]},{"@type":"WebSite","@id":"https:\/\/urvistahermosa.com\/en\/#website","url":"https:\/\/urvistahermosa.com\/en\/","name":"UR Vistahermosa EN","description":"Otro sitio m\u00e1s de UR Vistahermosa sitios","potentialAction":[{"@type":"SearchAction","target":{"@type":"EntryPoint","urlTemplate":"https:\/\/urvistahermosa.com\/en\/?s={search_term_string}"},"query-input":{"@type":"PropertyValueSpecification","valueRequired":true,"valueName":"search_term_string"}}],"inLanguage":"en-GB"}]}},"_links":{"self":[{"href":"https:\/\/urvistahermosa.com\/en\/wp-json\/wp\/v2\/pages\/15800","targetHints":{"allow":["GET"]}}],"collection":[{"href":"https:\/\/urvistahermosa.com\/en\/wp-json\/wp\/v2\/pages"}],"about":[{"href":"https:\/\/urvistahermosa.com\/en\/wp-json\/wp\/v2\/types\/page"}],"author":[{"embeddable":true,"href":"https:\/\/urvistahermosa.com\/en\/wp-json\/wp\/v2\/users\/1"}],"replies":[{"embeddable":true,"href":"https:\/\/urvistahermosa.com\/en\/wp-json\/wp\/v2\/comments?post=15800"}],"version-history":[{"count":38,"href":"https:\/\/urvistahermosa.com\/en\/wp-json\/wp\/v2\/pages\/15800\/revisions"}],"predecessor-version":[{"id":15979,"href":"https:\/\/urvistahermosa.com\/en\/wp-json\/wp\/v2\/pages\/15800\/revisions\/15979"}],"wp:featuredmedia":[{"embeddable":true,"href":"https:\/\/urvistahermosa.com\/en\/wp-json\/wp\/v2\/media\/15862"}],"wp:attachment":[{"href":"https:\/\/urvistahermosa.com\/en\/wp-json\/wp\/v2\/media?parent=15800"}],"curies":[{"name":"wp","href":"https:\/\/api.w.org\/{rel}","templated":true}]}}